{"id":1289,"date":"2024-01-16T06:58:05","date_gmt":"2024-01-16T06:58:05","guid":{"rendered":"https:\/\/gigroupmedia.com\/?post_type=product&#038;p=1289"},"modified":"2024-01-16T06:58:05","modified_gmt":"2024-01-16T06:58:05","slug":"guia-de-servicios","status":"publish","type":"product","link":"https:\/\/gigroupmedia.com\/?product=guia-de-servicios","title":{"rendered":"Gu\u00eda de servicios"},"content":{"rendered":"<p>Descripci\u00f3n del servicios gu\u00eda de servicios<\/p>\n","protected":false},"excerpt":{"rendered":"<p>Descripci\u00f3n corta del servicios gu\u00eda de servicios<\/p>\n","protected":false},"featured_media":1290,"comment_status":"open","ping_status":"closed","template":"","meta":{"inline_featured_image":false,"_monsterinsights_skip_tracking":false,"_monsterinsights_sitenote_active":false,"_monsterinsights_sitenote_note":"","_monsterinsights_sitenote_category":0},"product_brand":[],"product_cat":[36],"product_tag":[],"class_list":{"0":"post-1289","1":"product","2":"type-product","3":"status-publish","4":"has-post-thumbnail","6":"product_cat-publicidad","8":"first","9":"instock","10":"virtual","11":"purchasable","12":"product-type-simple"},"_links":{"self":[{"href":"https:\/\/gigroupmedia.com\/index.php?rest_route=\/wp\/v2\/product\/1289","targetHints":{"allow":["GET"]}}],"collection":[{"href":"https:\/\/gigroupmedia.com\/index.php?rest_route=\/wp\/v2\/product"}],"about":[{"href":"https:\/\/gigroupmedia.com\/index.php?rest_route=\/wp\/v2\/types\/product"}],"replies":[{"embeddable":true,"href":"https:\/\/gigroupmedia.com\/index.php?rest_route=%2Fwp%2Fv2%2Fcomments&post=1289"}],"wp:featuredmedia":[{"embeddable":true,"href":"https:\/\/gigroupmedia.com\/index.php?rest_route=\/wp\/v2\/media\/1290"}],"wp:attachment":[{"href":"https:\/\/gigroupmedia.com\/index.php?rest_route=%2Fwp%2Fv2%2Fmedia&parent=1289"}],"wp:term":[{"taxonomy":"product_brand","embeddable":true,"href":"https:\/\/gigroupmedia.com\/index.php?rest_route=%2Fwp%2Fv2%2Fproduct_brand&post=1289"},{"taxonomy":"product_cat","embeddable":true,"href":"https:\/\/gigroupmedia.com\/index.php?rest_route=%2Fwp%2Fv2%2Fproduct_cat&post=1289"},{"taxonomy":"product_tag","embeddable":true,"href":"https:\/\/gigroupmedia.com\/index.php?rest_route=%2Fwp%2Fv2%2Fproduct_tag&post=1289"}],"curies":[{"name":"wp","href":"https:\/\/api.w.org\/{rel}","templated":true}]}}